{"id":2,"date":"2026-04-10T10:13:53","date_gmt":"2026-04-10T10:13:53","guid":{"rendered":"https:\/\/constantavizual.ro\/?page_id=2"},"modified":"2026-05-05T10:36:10","modified_gmt":"2026-05-05T07:36:10","slug":"politica-cookies","status":"publish","type":"page","link":"https:\/\/constantavizual.ro\/en\/politica-cookies\/","title":{"rendered":"Politica Cookies"},"content":{"rendered":"<p><strong>Acest site utilizeaz\u0103 cookies<\/strong><\/p>\n\n\n\n<p>Aceast\u0103 sec\u021biune este actualizat\u0103 \u00eencep\u00e2nd cu data de: 1 Aprilie 2026. <\/p>\n\n\n\n<p>COOKIES necesare sunt fi\u0219iere text care sunt folosite de site-uri pentru eficientizarea utiliz\u0103rii \u0219i \u00eembun\u0103t\u0103\u021birea serviciilor oferite. Aceste fi\u0219iere le g\u0103si\u021bi pe browser-ul dumneavoastr\u0103, pe hard disk-ul dispozitivului \u00een func\u021bie de site-urile pe care le vizita\u021bi \u0219i fac interac\u021biunea cu acestea mai sigur\u0103 \u0219i mai rapid\u0103, deoarece \u00ee\u0219i pot aminti preferin\u021bele dumneavoastr\u0103.<br><br>Site-ul nostru folose\u0219te cookies pentru a v\u0103 distinge de ceilal\u021bi utilizatori \u0219i acest lucru ne ajut\u0103 s\u0103 v\u0103 oferim o experien\u021b\u0103 mai bun\u0103 atunci c\u00e2nd naviga\u021bi pe site. Datele stocate prin fi\u0219ierele cookies pe site-ul nostru nu arat\u0103 detalii personale cu ajutorul c\u0103ror s\u0103 se poat\u0103 stabili o identitate individual\u0103.<br><br>Folosim cookies pentru analizarea traficului pe website \u0219i pentru personalizarea con\u021binutului.<br><br>Site-ul nu poate func\u021biona la parametri normali f\u0103r\u0103 utilizarea cookies, f\u0103r\u0103 acestea accesul la zonele securizate ale site-ului sau navigarea \u00een pagin\u0103 ar fi \u00eengreunat\u0103.<br><br>Prin folosirea cookies de statistici, putem analiza informa\u021bii despre modul \u00een care folosi\u021bi site-ul nostru \u0219i vom \u0219ti ce \u00eembun\u0103t\u0103\u021biri putem face.<br><br>Conform legii, putem stoca cookies pe dispozitivul dvs. doar \u00een cazul \u00een care ele sunt necesare pentru navigarea pe site. Perioada de expirare a acestor fi\u0219iere de tip cookie este de maximum 2 ani. Dac\u0103 nu sunte\u021bi de acord cu folosirea cookies necesare func\u021bion\u0103rii normale a site-ului, va trebui s\u0103 abandona\u021bi navigarea pe site-ul nostru. Pentru diferite alte tipuri de cookies, este necesar acordul dumneavoastr\u0103.<br><br>V\u0103 pute\u021bi retrage consim\u021b\u0103m\u00e2ntul privind fi\u0219ierele de tip cookie \u00een orice moment. \u00cen acest scop, pute\u021bi bloca\u021bi sau elimina\u021bi fi\u0219ierele cookie, fie prin intermediul set\u0103rilor browser-ului dvs. web sau prin utilizarea unor software-uri puse la dispozi\u021bie de ter\u021bi, sau urm\u00e2nd instruc\u021biunile specifice pentru categoriile de cookies din sec\u021biunile urm\u0103toare. \u00cen orice situa\u021bie, pot ap\u0103rea probleme legate de utilizarea anumitor p\u0103r\u021bi ale site-ului web, dac\u0103 dezactiva\u021bi fi\u0219ierele de tip cookie.<br><br>Acordul dumneavoastr\u0103 pentru folosirea cookies este valabil pentru domeniul: constantavizual.ro<\/p>\n\n\n\n<p><strong>COOKIES pentru Marketing<\/strong>&nbsp;sunt folosite pentru a stoca vizitele \u0219i c\u0103ut\u0103rile unui utilizator pe web \u0219i a-i afisa anun\u021buri relevante \u0219i antrenante \u00een func\u021bie de c\u0103ut\u0103rile recente. Acest tip de cookies sunt utilizate de agen\u021biile de publicitate.<br><br><strong>COOKIES Preferin\u021be<\/strong>&nbsp;permit site-ului s\u0103 aminteasc\u0103 informa\u021bii precum limba dvs. preferat\u0103 sau zona \u00een care v\u0103 afla\u021bi.<br><br><strong>COOKIES Statistice<\/strong>&nbsp;ne ajut\u0103 s\u0103 \u00een\u021belegem cum interac\u021bioneaz\u0103 utilizatorii cu site-ul nostru, prin colectarea informa\u021biilor \u00een mod anonim.<br><br>Website-ul nostru poate include func\u021bii de comunicare social\u0103, cum ar fi link-uri c\u0103tre Facebook, Twitter, Instagram, LinkedIn sau YouTube. Aceste func\u021bii pot stoca informa\u021bii \u0219i pot activa un fi\u0219ier tip cookie pentru o func\u021bionare corect\u0103.<br><br>Website-ul nostru poate utiliza link-uri c\u0103tre alte site-uri pe care nu le control\u0103m, prin urmare v\u0103 solicit\u0103m s\u0103 citi\u021bi cu aten\u021bie politicile lor \u00een privin\u021ba datelor personale \u0219i a politicii de confiden\u021bialitate.<\/p>\n\n\n\n<p><strong>Google Analytics<\/strong><br>Website-ul nostru utilizeaz\u0103 Google Analytics, un serviciu pentru analiza web, furnizat de Google. Google Analytics utilizeaz\u0103 fi\u0219iere de tip cookie pentru a ajuta un anumit website s\u0103 analizeze modul \u00een care utiliza\u021bi respectivul website. Informa\u021biile generate de fi\u0219ierele de tip cookie cu privire la utilizarea de c\u0103tre dvs. a website-ului (inclusiv adresa dvs. IP), vor fi transmise \u0219i stocate de Google pe servere care pot fi localizate \u00een UE, SEE \u0219i\/sau Statele Unite. Google va utiliza aceste informa\u021bii \u00een scopul evalu\u0103rii utiliz\u0103rii de c\u0103tre dvs. a website-ului, elabor\u00e2nd rapoarte cu privire la activitatea website-ului pentru operatorii website-ului \u0219i furniz\u00e2nd alte servicii referitoare la activitatea website-ului \u0219i la utilizarea internetului.<br><br>Dac\u0103 ave\u021bi \u00eentreb\u0103ri sau nel\u0103muriri cu privire la prelucrarea \u0219i stocarea datelor dvs., sau dac\u0103 dori\u021bi modificarea sau \u0219tergerea acestora, v\u0103 rug\u0103m s\u0103 ne contacta\u021bi la adresa contact@constantavizual.ro<\/p>\n\n\n\n<p>Putem actualiza Politica Cookies \u0219i v\u0103 vom informa despre modific\u0103ri prin postarea noii variante pe site-ul nostru la sec\u021biunea \u201ePolitica Cookies\u201d.<br><br>V\u0103 rug\u0103m s\u0103 consulta\u021bi periodic aceast\u0103 sec\u021biune, pentru a fi la curent cu orice modificare.<\/p>\n\n\n\n<p><strong>PROTEC\u021aIA DATELOR CU CARACTER PERSONAL<\/strong><br>Pentru a accesa, corecta, \u0219terge \u0219i limita prelucrarea datelor personale (GDPR), v\u0103 rug\u0103m s\u0103 ne contacta\u021bi la adresa de e-mail contact@constantavizual.ro<br>Pute\u021bi solicita datele dvs. cu caracter personal, astfel \u00eenc\u00e2t s\u0103 poat\u0103 fi utilizate sau transmise c\u0103tre un alt procesor (GDPR) la adresa de e-mail contact@constantavizual.ro.<br>\u00cen cazul \u00een care considera\u021bi c\u0103 datele dvs. personale nu au fost protejate conform legii, ave\u021bi dreptul de a depune o pl\u00e2ngere la autoritatea de supraveghere (GDPR).<\/p>","protected":false},"excerpt":{"rendered":"<p>Acest site utilizeaz\u0103 cookies Aceast\u0103 sec\u021biune este actualizat\u0103 \u00eencep\u00e2nd cu data de: 1 Aprilie 2026. COOKIES necesare sunt fi\u0219iere text care sunt folosite de site-uri pentru eficientizarea utiliz\u0103rii \u0219i \u00eembun\u0103t\u0103\u021birea serviciilor oferite. Aceste fi\u0219iere le g\u0103si\u021bi pe browser-ul dumneavoastr\u0103, pe hard disk-ul dispozitivului \u00een func\u021bie de site-urile pe care le vizita\u021bi \u0219i fac interac\u021biunea cu [&hellip;]<\/p>\n","protected":false},"author":1,"featured_media":0,"parent":0,"menu_order":0,"comment_status":"closed","ping_status":"closed","template":"","meta":{"footnotes":""},"class_list":["post-2","page","type-page","status-publish","hentry"],"yoast_head":"<!-- This site is optimized with the Yoast SEO plugin v27.5 - https:\/\/yoast.com\/product\/yoast-seo-wordpress\/ -->\n<title>Politica Cookies - Constan\u021ba, un volum de colec\u021bie<\/title>\n<meta name=\"robots\" content=\"noindex, nofollow\" \/>\n<meta property=\"og:locale\" content=\"en_US\" \/>\n<meta property=\"og:type\" content=\"article\" \/>\n<meta property=\"og:title\" content=\"Politica Cookies - Constan\u021ba, un volum de colec\u021bie\" \/>\n<meta property=\"og:description\" content=\"Acest site utilizeaz\u0103 cookies Aceast\u0103 sec\u021biune este actualizat\u0103 \u00eencep\u00e2nd cu data de: 1 Aprilie 2026. COOKIES necesare sunt fi\u0219iere text care sunt folosite de site-uri pentru eficientizarea utiliz\u0103rii \u0219i \u00eembun\u0103t\u0103\u021birea serviciilor oferite. Aceste fi\u0219iere le g\u0103si\u021bi pe browser-ul dumneavoastr\u0103, pe hard disk-ul dispozitivului \u00een func\u021bie de site-urile pe care le vizita\u021bi \u0219i fac interac\u021biunea cu [&hellip;]\" \/>\n<meta property=\"og:url\" content=\"https:\/\/constantavizual.ro\/en\/politica-cookies\/\" \/>\n<meta property=\"og:site_name\" content=\"Constan\u021ba, un volum de colec\u021bie\" \/>\n<meta property=\"article:modified_time\" content=\"2026-05-05T07:36:10+00:00\" \/>\n<meta name=\"twitter:card\" content=\"summary_large_image\" \/>\n<meta name=\"twitter:label1\" content=\"Est. reading time\" \/>\n\t<meta name=\"twitter:data1\" content=\"4 minutes\" \/>\n<script type=\"application\/ld+json\" class=\"yoast-schema-graph\">{\"@context\":\"https:\\\/\\\/schema.org\",\"@graph\":[{\"@type\":\"WebPage\",\"@id\":\"https:\\\/\\\/constantavizual.ro\\\/politica-cookies\\\/\",\"url\":\"https:\\\/\\\/constantavizual.ro\\\/politica-cookies\\\/\",\"name\":\"Politica Cookies - Constan\u021ba, un volum de colec\u021bie\",\"isPartOf\":{\"@id\":\"https:\\\/\\\/constantavizual.ro\\\/#website\"},\"datePublished\":\"2026-04-10T10:13:53+00:00\",\"dateModified\":\"2026-05-05T07:36:10+00:00\",\"breadcrumb\":{\"@id\":\"https:\\\/\\\/constantavizual.ro\\\/politica-cookies\\\/#breadcrumb\"},\"inLanguage\":\"en-US\",\"potentialAction\":[{\"@type\":\"ReadAction\",\"target\":[\"https:\\\/\\\/constantavizual.ro\\\/politica-cookies\\\/\"]}]},{\"@type\":\"BreadcrumbList\",\"@id\":\"https:\\\/\\\/constantavizual.ro\\\/politica-cookies\\\/#breadcrumb\",\"itemListElement\":[{\"@type\":\"ListItem\",\"position\":1,\"name\":\"Prima pagin\u0103\",\"item\":\"https:\\\/\\\/constantavizual.ro\\\/\"},{\"@type\":\"ListItem\",\"position\":2,\"name\":\"Politica Cookies\"}]},{\"@type\":\"WebSite\",\"@id\":\"https:\\\/\\\/constantavizual.ro\\\/#website\",\"url\":\"https:\\\/\\\/constantavizual.ro\\\/\",\"name\":\"Constan\u021ba Vizual\",\"description\":\"\",\"publisher\":{\"@id\":\"https:\\\/\\\/constantavizual.ro\\\/#organization\"},\"potentialAction\":[{\"@type\":\"SearchAction\",\"target\":{\"@type\":\"EntryPoint\",\"urlTemplate\":\"https:\\\/\\\/constantavizual.ro\\\/?s={search_term_string}\"},\"query-input\":{\"@type\":\"PropertyValueSpecification\",\"valueRequired\":true,\"valueName\":\"search_term_string\"}}],\"inLanguage\":\"en-US\"},{\"@type\":\"Organization\",\"@id\":\"https:\\\/\\\/constantavizual.ro\\\/#organization\",\"name\":\"Constan\u021ba Vizual\",\"url\":\"https:\\\/\\\/constantavizual.ro\\\/\",\"logo\":{\"@type\":\"ImageObject\",\"inLanguage\":\"en-US\",\"@id\":\"https:\\\/\\\/constantavizual.ro\\\/#\\\/schema\\\/logo\\\/image\\\/\",\"url\":\"https:\\\/\\\/constantavizual.ro\\\/wp-content\\\/uploads\\\/2026\\\/04\\\/logo-cv.png\",\"contentUrl\":\"https:\\\/\\\/constantavizual.ro\\\/wp-content\\\/uploads\\\/2026\\\/04\\\/logo-cv.png\",\"width\":207,\"height\":42,\"caption\":\"Constan\u021ba Vizual\"},\"image\":{\"@id\":\"https:\\\/\\\/constantavizual.ro\\\/#\\\/schema\\\/logo\\\/image\\\/\"}}]}<\/script>\n<!-- \/ Yoast SEO plugin. -->","yoast_head_json":{"title":"Politica Cookies - Constan\u021ba, un volum de colec\u021bie","robots":{"index":"noindex","follow":"nofollow"},"og_locale":"en_US","og_type":"article","og_title":"Politica Cookies - Constan\u021ba, un volum de colec\u021bie","og_description":"Acest site utilizeaz\u0103 cookies Aceast\u0103 sec\u021biune este actualizat\u0103 \u00eencep\u00e2nd cu data de: 1 Aprilie 2026. COOKIES necesare sunt fi\u0219iere text care sunt folosite de site-uri pentru eficientizarea utiliz\u0103rii \u0219i \u00eembun\u0103t\u0103\u021birea serviciilor oferite. Aceste fi\u0219iere le g\u0103si\u021bi pe browser-ul dumneavoastr\u0103, pe hard disk-ul dispozitivului \u00een func\u021bie de site-urile pe care le vizita\u021bi \u0219i fac interac\u021biunea cu [&hellip;]","og_url":"https:\/\/constantavizual.ro\/en\/politica-cookies\/","og_site_name":"Constan\u021ba, un volum de colec\u021bie","article_modified_time":"2026-05-05T07:36:10+00:00","twitter_card":"summary_large_image","twitter_misc":{"Est. reading time":"4 minutes"},"schema":{"@context":"https:\/\/schema.org","@graph":[{"@type":"WebPage","@id":"https:\/\/constantavizual.ro\/politica-cookies\/","url":"https:\/\/constantavizual.ro\/politica-cookies\/","name":"Politica Cookies - Constan\u021ba, un volum de colec\u021bie","isPartOf":{"@id":"https:\/\/constantavizual.ro\/#website"},"datePublished":"2026-04-10T10:13:53+00:00","dateModified":"2026-05-05T07:36:10+00:00","breadcrumb":{"@id":"https:\/\/constantavizual.ro\/politica-cookies\/#breadcrumb"},"inLanguage":"en-US","potentialAction":[{"@type":"ReadAction","target":["https:\/\/constantavizual.ro\/politica-cookies\/"]}]},{"@type":"BreadcrumbList","@id":"https:\/\/constantavizual.ro\/politica-cookies\/#breadcrumb","itemListElement":[{"@type":"ListItem","position":1,"name":"Prima pagin\u0103","item":"https:\/\/constantavizual.ro\/"},{"@type":"ListItem","position":2,"name":"Politica Cookies"}]},{"@type":"WebSite","@id":"https:\/\/constantavizual.ro\/#website","url":"https:\/\/constantavizual.ro\/","name":"Constan\u021ba Vizual","description":"","publisher":{"@id":"https:\/\/constantavizual.ro\/#organization"},"potentialAction":[{"@type":"SearchAction","target":{"@type":"EntryPoint","urlTemplate":"https:\/\/constantavizual.ro\/?s={search_term_string}"},"query-input":{"@type":"PropertyValueSpecification","valueRequired":true,"valueName":"search_term_string"}}],"inLanguage":"en-US"},{"@type":"Organization","@id":"https:\/\/constantavizual.ro\/#organization","name":"Constan\u021ba Vizual","url":"https:\/\/constantavizual.ro\/","logo":{"@type":"ImageObject","inLanguage":"en-US","@id":"https:\/\/constantavizual.ro\/#\/schema\/logo\/image\/","url":"https:\/\/constantavizual.ro\/wp-content\/uploads\/2026\/04\/logo-cv.png","contentUrl":"https:\/\/constantavizual.ro\/wp-content\/uploads\/2026\/04\/logo-cv.png","width":207,"height":42,"caption":"Constan\u021ba Vizual"},"image":{"@id":"https:\/\/constantavizual.ro\/#\/schema\/logo\/image\/"}}]}},"jetpack_sharing_enabled":true,"_links":{"self":[{"href":"https:\/\/constantavizual.ro\/en\/wp-json\/wp\/v2\/pages\/2","targetHints":{"allow":["GET"]}}],"collection":[{"href":"https:\/\/constantavizual.ro\/en\/wp-json\/wp\/v2\/pages"}],"about":[{"href":"https:\/\/constantavizual.ro\/en\/wp-json\/wp\/v2\/types\/page"}],"author":[{"embeddable":true,"href":"https:\/\/constantavizual.ro\/en\/wp-json\/wp\/v2\/users\/1"}],"replies":[{"embeddable":true,"href":"https:\/\/constantavizual.ro\/en\/wp-json\/wp\/v2\/comments?post=2"}],"version-history":[{"count":3,"href":"https:\/\/constantavizual.ro\/en\/wp-json\/wp\/v2\/pages\/2\/revisions"}],"predecessor-version":[{"id":2082,"href":"https:\/\/constantavizual.ro\/en\/wp-json\/wp\/v2\/pages\/2\/revisions\/2082"}],"wp:attachment":[{"href":"https:\/\/constantavizual.ro\/en\/wp-json\/wp\/v2\/media?parent=2"}],"curies":[{"name":"wp","href":"https:\/\/api.w.org\/{rel}","templated":true}]}}