{"id":2074,"date":"2026-05-05T10:24:36","date_gmt":"2026-05-05T07:24:36","guid":{"rendered":"https:\/\/constantavizual.ro\/?page_id=2074"},"modified":"2026-05-05T10:34:18","modified_gmt":"2026-05-05T07:34:18","slug":"termeni-si-conditii","status":"publish","type":"page","link":"https:\/\/constantavizual.ro\/en\/termeni-si-conditii\/","title":{"rendered":"Termeni \u0219i Condi\u021bii"},"content":{"rendered":"<p><strong>1. Acceptarea termenilor \u0219i condi\u021biilor de utilizare<\/strong><\/p>\n\n\n\n<p>Prin folosirea serviciului web&nbsp;<em>www.constantavizual.ro<\/em>&nbsp;utilizatorul declar\u0103 c\u0103 este de acord cu termenii \u0219i condi\u021biile listate mai jos. V\u0103 rug\u0103m citi\u021bi cu aten\u021bie \u0219i dac\u0103 nu sunte\u021bi de acord cu ceva din con\u021binut, v\u0103 rug\u0103m s\u0103 ne contacta\u021bi folosind formularul de contact \u00eenainte de a \u00eentreprinde orice ac\u021biune de natur\u0103 comercial\u0103. Utilizarea site-ului f\u0103r\u0103 acceptul termenilor \u0219i condi\u021biilor de mai jos este strict interzis\u0103. V\u0103 mul\u021bumim!<\/p>\n\n\n\n<p><strong>2. Accesul la site<\/strong><\/p>\n\n\n\n<p>Operatorul site-ului este City Walk Guide SRL, CUI 31709526, denumit \u00een continuare OPERATORUL, acord\u0103 permisiunea de a utiliza site-ul numai pentru uz personal, necomercial \u0219i nu ve\u021bi copia, distribui, reproduce, publica sau expune orice parte a site-ului, prin orice mijloc (mediu), f\u0103r\u0103 autoriza\u021bia prealabil\u0103 scris\u0103 a OPERATORUL. Este interzis\u0103 afi\u0219area sau transmiterea oric\u0103rui fel de material cu con\u021binut amenin\u021b\u0103tor, fals, abuziv, licen\u021bios, vulgar sau orice alt material ce poate constitui un mod de a \u00eenc\u0103lca legea. Este interzis\u0103 folosirea site-ului \u00een scop publicitar.<\/p>\n\n\n\n<p><strong>3. Confiden\u021bialitate \u0219i informa\u021bii personale<\/strong><\/p>\n\n\n\n<p>OPERATORUL garanteaz\u0103 protejarea confiden\u021bialit\u0103\u021bii informa\u021biilor personale, precum numele, adresa, num\u0103rul de telefon sau adresa de e-mail, pe care clien\u021bii le furnizeaz\u0103 pe site-ul nostru. Orice informa\u021bie prezentat\u0103 pe site este supus\u0103 politicii de confiden\u021bialitate a firmei. Mai multe informa\u021bii pute\u021bi reg\u0103si acces\u00e2nd <a href=\"\/en\/politica-de-confidentialitate\/\">Politica de confiden\u021bialitate<\/a>.<\/p>\n\n\n\n<p><strong>4. Condi\u021bii de plat\u0103 \u0219i livrare<\/strong><\/p>\n\n\n\n<p>Plata produselor se efectueaz\u0103 \u00een prezent exclusiv \u00een numerar, la momentul livr\u0103rii. Suma datorat\u0103 este cea afi\u0219at\u0103 \u00een procesul de finalizare a comenzii \u0219i confirmat\u0103 de client \u00eenainte de plasarea acesteia.<\/p>\n\n\n\n<p>Detaliile privind livrarea, inclusiv costurile \u0219i termenul estimat, sunt cele prezentate \u00een cadrul procesului de finalizare a comenzii \u0219i sunt considerate acceptate de client odat\u0103 cu transmiterea comenzii.<\/p>\n\n\n\n<p>Operatorul \u00ee\u0219i rezerv\u0103 dreptul de a introduce noi metode de plat\u0103, inclusiv plata cu cardul.<\/p>\n\n\n\n<p><strong>5. Dispozi\u021bii finale<\/strong><\/p>\n\n\n\n<p>\u00centreg con\u021binutul acestui site poate fi modificat \u0219i v\u0103 este expus f\u0103r\u0103 a se oferi nicio garan\u021bie de niciun fel, fie aceasta expres\u0103 sau implicit\u0103. Dac\u0103 oricare dintre clauzele de mai sus va fi g\u0103sit\u0103 nul\u0103 sau nevalid\u0103 indiferent de cauz\u0103, aceast\u0103 clauz\u0103 nu va afecta valabilitatea celorlalte clauze. Odat\u0103 cu cump\u0103rarea \u0219i lansarea comenzii, clientul accept\u0103 f\u0103r\u0103 obiec\u021biuni termenii \u0219i condi\u021biile de utilizare. OPERATORUL face eforturi permanente pentru a p\u0103stra acurate\u021bea informa\u021biilor din aceast\u0103 prezentare.<\/p>\n\n\n\n<p>Pentru orice nel\u0103muriri sau eventuale clarific\u0103ri v\u0103 st\u0103m la dispozi\u021bie cu un mesaj la adresa contact@constantavizual.ro.<\/p>","protected":false},"excerpt":{"rendered":"<p>1. Acceptarea termenilor \u0219i condi\u021biilor de utilizare Prin folosirea serviciului web&nbsp;www.constantavizual.ro&nbsp;utilizatorul declar\u0103 c\u0103 este de acord cu termenii \u0219i condi\u021biile listate mai jos. V\u0103 rug\u0103m citi\u021bi cu aten\u021bie \u0219i dac\u0103 nu sunte\u021bi de acord cu ceva din con\u021binut, v\u0103 rug\u0103m s\u0103 ne contacta\u021bi folosind formularul de contact \u00eenainte de a \u00eentreprinde orice ac\u021biune de natur\u0103 [&hellip;]<\/p>\n","protected":false},"author":1,"featured_media":0,"parent":0,"menu_order":0,"comment_status":"closed","ping_status":"closed","template":"","meta":{"footnotes":""},"class_list":["post-2074","page","type-page","status-publish","hentry"],"yoast_head":"<!-- This site is optimized with the Yoast SEO plugin v27.5 - https:\/\/yoast.com\/product\/yoast-seo-wordpress\/ -->\n<title>Termeni \u0219i Condi\u021bii - Constan\u021ba, un volum de colec\u021bie<\/title>\n<meta name=\"robots\" content=\"noindex, nofollow\" \/>\n<meta property=\"og:locale\" content=\"en_US\" \/>\n<meta property=\"og:type\" content=\"article\" \/>\n<meta property=\"og:title\" content=\"Termeni \u0219i Condi\u021bii - Constan\u021ba, un volum de colec\u021bie\" \/>\n<meta property=\"og:description\" content=\"1. Acceptarea termenilor \u0219i condi\u021biilor de utilizare Prin folosirea serviciului web&nbsp;www.constantavizual.ro&nbsp;utilizatorul declar\u0103 c\u0103 este de acord cu termenii \u0219i condi\u021biile listate mai jos. V\u0103 rug\u0103m citi\u021bi cu aten\u021bie \u0219i dac\u0103 nu sunte\u021bi de acord cu ceva din con\u021binut, v\u0103 rug\u0103m s\u0103 ne contacta\u021bi folosind formularul de contact \u00eenainte de a \u00eentreprinde orice ac\u021biune de natur\u0103 [&hellip;]\" \/>\n<meta property=\"og:url\" content=\"https:\/\/constantavizual.ro\/en\/termeni-si-conditii\/\" \/>\n<meta property=\"og:site_name\" content=\"Constan\u021ba, un volum de colec\u021bie\" \/>\n<meta property=\"article:modified_time\" content=\"2026-05-05T07:34:18+00:00\" \/>\n<meta name=\"twitter:card\" content=\"summary_large_image\" \/>\n<meta name=\"twitter:label1\" content=\"Est. reading time\" \/>\n\t<meta name=\"twitter:data1\" content=\"3 minutes\" \/>\n<script type=\"application\/ld+json\" class=\"yoast-schema-graph\">{\"@context\":\"https:\\\/\\\/schema.org\",\"@graph\":[{\"@type\":\"WebPage\",\"@id\":\"https:\\\/\\\/constantavizual.ro\\\/termeni-si-conditii\\\/\",\"url\":\"https:\\\/\\\/constantavizual.ro\\\/termeni-si-conditii\\\/\",\"name\":\"Termeni \u0219i Condi\u021bii - Constan\u021ba, un volum de colec\u021bie\",\"isPartOf\":{\"@id\":\"https:\\\/\\\/constantavizual.ro\\\/#website\"},\"datePublished\":\"2026-05-05T07:24:36+00:00\",\"dateModified\":\"2026-05-05T07:34:18+00:00\",\"breadcrumb\":{\"@id\":\"https:\\\/\\\/constantavizual.ro\\\/termeni-si-conditii\\\/#breadcrumb\"},\"inLanguage\":\"en-US\",\"potentialAction\":[{\"@type\":\"ReadAction\",\"target\":[\"https:\\\/\\\/constantavizual.ro\\\/termeni-si-conditii\\\/\"]}]},{\"@type\":\"BreadcrumbList\",\"@id\":\"https:\\\/\\\/constantavizual.ro\\\/termeni-si-conditii\\\/#breadcrumb\",\"itemListElement\":[{\"@type\":\"ListItem\",\"position\":1,\"name\":\"Prima pagin\u0103\",\"item\":\"https:\\\/\\\/constantavizual.ro\\\/\"},{\"@type\":\"ListItem\",\"position\":2,\"name\":\"Termeni \u0219i Condi\u021bii\"}]},{\"@type\":\"WebSite\",\"@id\":\"https:\\\/\\\/constantavizual.ro\\\/#website\",\"url\":\"https:\\\/\\\/constantavizual.ro\\\/\",\"name\":\"Constan\u021ba Vizual\",\"description\":\"\",\"publisher\":{\"@id\":\"https:\\\/\\\/constantavizual.ro\\\/#organization\"},\"potentialAction\":[{\"@type\":\"SearchAction\",\"target\":{\"@type\":\"EntryPoint\",\"urlTemplate\":\"https:\\\/\\\/constantavizual.ro\\\/?s={search_term_string}\"},\"query-input\":{\"@type\":\"PropertyValueSpecification\",\"valueRequired\":true,\"valueName\":\"search_term_string\"}}],\"inLanguage\":\"en-US\"},{\"@type\":\"Organization\",\"@id\":\"https:\\\/\\\/constantavizual.ro\\\/#organization\",\"name\":\"Constan\u021ba Vizual\",\"url\":\"https:\\\/\\\/constantavizual.ro\\\/\",\"logo\":{\"@type\":\"ImageObject\",\"inLanguage\":\"en-US\",\"@id\":\"https:\\\/\\\/constantavizual.ro\\\/#\\\/schema\\\/logo\\\/image\\\/\",\"url\":\"https:\\\/\\\/constantavizual.ro\\\/wp-content\\\/uploads\\\/2026\\\/04\\\/logo-cv.png\",\"contentUrl\":\"https:\\\/\\\/constantavizual.ro\\\/wp-content\\\/uploads\\\/2026\\\/04\\\/logo-cv.png\",\"width\":207,\"height\":42,\"caption\":\"Constan\u021ba Vizual\"},\"image\":{\"@id\":\"https:\\\/\\\/constantavizual.ro\\\/#\\\/schema\\\/logo\\\/image\\\/\"}}]}<\/script>\n<!-- \/ Yoast SEO plugin. -->","yoast_head_json":{"title":"Termeni \u0219i Condi\u021bii - Constan\u021ba, un volum de colec\u021bie","robots":{"index":"noindex","follow":"nofollow"},"og_locale":"en_US","og_type":"article","og_title":"Termeni \u0219i Condi\u021bii - Constan\u021ba, un volum de colec\u021bie","og_description":"1. Acceptarea termenilor \u0219i condi\u021biilor de utilizare Prin folosirea serviciului web&nbsp;www.constantavizual.ro&nbsp;utilizatorul declar\u0103 c\u0103 este de acord cu termenii \u0219i condi\u021biile listate mai jos. V\u0103 rug\u0103m citi\u021bi cu aten\u021bie \u0219i dac\u0103 nu sunte\u021bi de acord cu ceva din con\u021binut, v\u0103 rug\u0103m s\u0103 ne contacta\u021bi folosind formularul de contact \u00eenainte de a \u00eentreprinde orice ac\u021biune de natur\u0103 [&hellip;]","og_url":"https:\/\/constantavizual.ro\/en\/termeni-si-conditii\/","og_site_name":"Constan\u021ba, un volum de colec\u021bie","article_modified_time":"2026-05-05T07:34:18+00:00","twitter_card":"summary_large_image","twitter_misc":{"Est. reading time":"3 minutes"},"schema":{"@context":"https:\/\/schema.org","@graph":[{"@type":"WebPage","@id":"https:\/\/constantavizual.ro\/termeni-si-conditii\/","url":"https:\/\/constantavizual.ro\/termeni-si-conditii\/","name":"Termeni \u0219i Condi\u021bii - Constan\u021ba, un volum de colec\u021bie","isPartOf":{"@id":"https:\/\/constantavizual.ro\/#website"},"datePublished":"2026-05-05T07:24:36+00:00","dateModified":"2026-05-05T07:34:18+00:00","breadcrumb":{"@id":"https:\/\/constantavizual.ro\/termeni-si-conditii\/#breadcrumb"},"inLanguage":"en-US","potentialAction":[{"@type":"ReadAction","target":["https:\/\/constantavizual.ro\/termeni-si-conditii\/"]}]},{"@type":"BreadcrumbList","@id":"https:\/\/constantavizual.ro\/termeni-si-conditii\/#breadcrumb","itemListElement":[{"@type":"ListItem","position":1,"name":"Prima pagin\u0103","item":"https:\/\/constantavizual.ro\/"},{"@type":"ListItem","position":2,"name":"Termeni \u0219i Condi\u021bii"}]},{"@type":"WebSite","@id":"https:\/\/constantavizual.ro\/#website","url":"https:\/\/constantavizual.ro\/","name":"Constan\u021ba Vizual","description":"","publisher":{"@id":"https:\/\/constantavizual.ro\/#organization"},"potentialAction":[{"@type":"SearchAction","target":{"@type":"EntryPoint","urlTemplate":"https:\/\/constantavizual.ro\/?s={search_term_string}"},"query-input":{"@type":"PropertyValueSpecification","valueRequired":true,"valueName":"search_term_string"}}],"inLanguage":"en-US"},{"@type":"Organization","@id":"https:\/\/constantavizual.ro\/#organization","name":"Constan\u021ba Vizual","url":"https:\/\/constantavizual.ro\/","logo":{"@type":"ImageObject","inLanguage":"en-US","@id":"https:\/\/constantavizual.ro\/#\/schema\/logo\/image\/","url":"https:\/\/constantavizual.ro\/wp-content\/uploads\/2026\/04\/logo-cv.png","contentUrl":"https:\/\/constantavizual.ro\/wp-content\/uploads\/2026\/04\/logo-cv.png","width":207,"height":42,"caption":"Constan\u021ba Vizual"},"image":{"@id":"https:\/\/constantavizual.ro\/#\/schema\/logo\/image\/"}}]}},"jetpack_sharing_enabled":true,"_links":{"self":[{"href":"https:\/\/constantavizual.ro\/en\/wp-json\/wp\/v2\/pages\/2074","targetHints":{"allow":["GET"]}}],"collection":[{"href":"https:\/\/constantavizual.ro\/en\/wp-json\/wp\/v2\/pages"}],"about":[{"href":"https:\/\/constantavizual.ro\/en\/wp-json\/wp\/v2\/types\/page"}],"author":[{"embeddable":true,"href":"https:\/\/constantavizual.ro\/en\/wp-json\/wp\/v2\/users\/1"}],"replies":[{"embeddable":true,"href":"https:\/\/constantavizual.ro\/en\/wp-json\/wp\/v2\/comments?post=2074"}],"version-history":[{"count":3,"href":"https:\/\/constantavizual.ro\/en\/wp-json\/wp\/v2\/pages\/2074\/revisions"}],"predecessor-version":[{"id":2080,"href":"https:\/\/constantavizual.ro\/en\/wp-json\/wp\/v2\/pages\/2074\/revisions\/2080"}],"wp:attachment":[{"href":"https:\/\/constantavizual.ro\/en\/wp-json\/wp\/v2\/media?parent=2074"}],"curies":[{"name":"wp","href":"https:\/\/api.w.org\/{rel}","templated":true}]}}