{"id":966,"date":"2016-05-26T10:03:55","date_gmt":"2016-05-26T10:03:55","guid":{"rendered":"http:\/\/demo.oceanthemes.net\/archi\/?page_id=966"},"modified":"2026-04-29T18:45:36","modified_gmt":"2026-04-29T15:45:36","slug":"homepage-modern","status":"publish","type":"page","link":"https:\/\/constantavizual.ro\/en\/","title":{"rendered":"Home"},"content":{"rendered":"<div class=\"wpb-content-wrapper\"><section class=\"wpb_row vc_row-fluid no-padding\"><div class=\"row\"><div class=\"wpb_column vc_column_container vc_col-sm-12\"><div class=\"vc_column-inner\"><div class=\"wpb_wrapper \"  >\n\t\t\t\t<p class=\"rs-p-wp-fix\"><\/p>\n\t\t\t\t<sr7-module data-alias=\"new-home-slider\" data-id=\"1\" id=\"SR7_1_1\" class=\"rs-ov-hidden\" data-version=\"6.7.52\">\n\t\t\t\t\t<sr7-adjuster><\/sr7-adjuster>\n\t\t\t\t\t<sr7-content>\n\t\t\t\t\t\t<sr7-slide id=\"SR7_1_1-1\" data-key=\"1\">\n\t\t\t\t\t\t\t<sr7-bg id=\"SR7_1_1-1-17\" class=\"sr7-layer\"><noscript><img decoding=\"async\" src=\"https:\/\/constantavizual.ro\/wp-content\/uploads\/2026\/04\/home-slide-cta-ab.webp\" alt=\"\" title=\"\"><\/noscript><\/sr7-bg>\n\t\t\t\t\t\t\t<sr7-txt id=\"SR7_1_1-1-0\" class=\"sr7-layer\">Acces pe baza de \u00eenscriere \u00een limita locurilor disponibile<\/sr7-txt>\n\t\t\t\t\t\t\t<sr7-txt id=\"SR7_1_1-1-2\" class=\"sr7-layer\">Constan\u021ba <\/sr7-txt>\n\t\t\t\t\t\t\t<sr7-txt id=\"SR7_1_1-1-5\" class=\"sr7-layer\"><\/sr7-txt>\n\t\t\t\t\t\t\t<sr7-txt id=\"SR7_1_1-1-7\" class=\"sr7-layer\"><b>Un volum de colec\u021bie<\/b> <br>\nO sal\u0103 emblematic\u0103 <br>\nUn moment pentru ora\u0219 <\/sr7-txt>\n\t\t\t\t\t\t\t<a id=\"SR7_1_1-1-16\" class=\"sr7-layer\" href=\"\/in-curand\/?go=form\" target=\"_self\" rel=\"nofollow\">\u00ceNSCRIERE EVENIMENT<\/a>\n\t\t\t\t\t\t<\/sr7-slide>\n\t\t\t\t\t\t<sr7-slide id=\"SR7_1_1-4\" data-key=\"4\">\n\t\t\t\t\t\t<\/sr7-slide>\n\t\t\t\t\t<\/sr7-content>\n\t\t\t\t\t<image_lists style=\"display:none\">\n\t\t\t\t\t\t<img data-src=\"\/\/constantavizual.ro\/wp-content\/uploads\/2026\/04\/home-slide-cta-ab.webp\" data-libid=\"1910\" data-lib=\"medialibrary\" width=\"0\" height=\"0\" data-dbsrc=\"Ly9jb25zdGFudGF2aXp1YWwucm8vd3AtY29udGVudC91cGxvYWRzLzIwMjYvMDQvaG9tZS1zbGlkZS1jdGEtYWIud2VicA==\"\/>\n\t\t\t\t\t\t<img data-src=\"\/\/constantavizual.ro\/wp-content\/uploads\/revslider\/new-home-slider\/wide5.jpg\" data-libid=\"1632\" title=\"wide5.jpg\" width=\"0\" height=\"0\" data-dbsrc=\"Ly9jb25zdGFudGF2aXp1YWwucm8vd3AtY29udGVudC91cGxvYWRzL3JldnNsaWRlci9uZXctaG9tZS1zbGlkZXIvd2lkZTUuanBn\"\/>\n\t\t\t\t\t\t<img data-src=\"\/\/constantavizual.ro\/wp-content\/uploads\/revslider\/new-home-slider\/wide6.jpg\" data-libid=\"1633\" title=\"wide6.jpg\" width=\"0\" height=\"0\" data-dbsrc=\"Ly9jb25zdGFudGF2aXp1YWwucm8vd3AtY29udGVudC91cGxvYWRzL3JldnNsaWRlci9uZXctaG9tZS1zbGlkZXIvd2lkZTYuanBn\"\/>\n\t\t\t\t\t<\/image_lists>\n\t\t\t\t<\/sr7-module>\n\t\t\t\t<script>\n\t\t\t\t\twindow.SR7 ??={};SR7.PMH ??={}; SR7.PMH[\"SR7_1_1\"] = {cn:100,state:false,fn: function() { if (window._tpt!==undefined && window._tpt.prepareModuleHeight !== undefined) {  _tpt.prepareModuleHeight({id:\"SR7_1_1\",el:[500,500,768,960,720],type:'standard',shdw:'0',gh:[500,500,768,960,720],gw:[1170,1170,1024,778,480],vpt:['-100px&#039;,&#039;-100px&#039;,&#039;-100px&#039;,&#039;-100px&#039;,&#039;-100px'],size:{fullWidth:true, fullHeight:true},fho:'',mh:'0',onh:0,onw:0,bg:{color:'{\"orig\":\"transparent\",\"type\":\"solid\",\"string\":\"transparent\"}'},plType:'-1',plColor:'#FFFFFF'});   SR7.PMH[\"SR7_1_1\"].state=true;} else if(SR7.PMH[\"SR7_1_1\"].cn-->0)\tsetTimeout( SR7.PMH[\"SR7_1_1\"].fn,19);}};SR7.PMH[\"SR7_1_1\" ].fn();\n\t\t\t\t<\/script>\n<div class=\"vc_empty_space\"   style=\"height: 32px\"><span class=\"vc_empty_space_inner\"><\/span><\/div><\/div><\/div><\/div><\/div><\/section><section class=\"wpb_row vc_row-fluid vc_row-o-content-middle vc_row-flex no-padding\"><div class=\"row\"><div class=\"wpb_column vc_column_container vc_col-sm-12\"><div class=\"vc_column-inner\"><div class=\"wpb_wrapper \"  ><div class=\"vc_empty_space\"   style=\"height: 12px\"><span class=\"vc_empty_space_inner\"><\/span><\/div>\n\t<div class=\"wpb_text_column wpb_content_element vc_custom_1777356394455\" >\n\t\t<div class=\"wpb_wrapper\">\n\t\t\t<p style=\"text-align: center; font-size: 15px;\"><strong><em>Constan\u021ba \u0219i \u00eemprejurimi<\/em><\/strong> este un volum de colec\u021bie care reune\u0219te peste 350 de fotografii \u0219i o selec\u021bie atent\u0103 de pove\u0219ti vizuale dedicate ora\u0219ului.<br \/>\nCartea propune o perspectiv\u0103 contemporan\u0103 asupra identit\u0103\u021bii Constan\u021bei, \u00eentre patrimoniu, memorie \u0219i evolu\u021bie urban\u0103.<\/p>\n\n\t\t<\/div>\n\t<\/div>\n<div class=\"vc_empty_space\"   style=\"height: 12px\"><span class=\"vc_empty_space_inner\"><\/span><\/div><\/div><\/div><\/div><\/div><\/section><section class=\"wpb_row vc_row-fluid vc_custom_1777233189062 vc_row-has-fill side-bg\"><div class=\"image-container hidden-xs col-md-5 col-md-offset-7 pull-left\"><div class=\"background-image\" style=\"background-image: url(https:\/\/constantavizual.ro\/wp-content\/uploads\/2026\/04\/Mockup.jpg);\"><\/div><\/div><img decoding=\"async\" class=\"visible-xs img-responsive\" src=\"https:\/\/constantavizual.ro\/wp-content\/uploads\/2026\/04\/Mockup.jpg\"\/><div class=\"container\"><div class=\"row\"><div class=\"inner-padding clearfix\"><div class=\"wpb_column vc_column_container vc_col-sm-12 vc_col-md-offset-6 vc_col-md-6\"><div class=\"vc_column-inner\"><div class=\"wpb_wrapper \"  ><div class=\"vc_row wpb_row vc_inner vc_row-fluid padding20\"><div class=\"wpb_column vc_column_container vc_col-sm-6\"><div class=\"vc_column-inner\"><div class=\"wpb_wrapper \"  >\t<!-- Element: OT Our Facts -->\n\t<div class=\"de_count \">\n                <h3 class=\"timer\" data-to=\"10\" data-speed=\"2500\">0<\/h3>\n        <span>Ani de documentare<\/span>\n    <\/div>\n\n<\/div><\/div><\/div><div class=\"wpb_column vc_column_container vc_col-sm-6\"><div class=\"vc_column-inner\"><div class=\"wpb_wrapper \"  >\t<!-- Element: OT Our Facts -->\n\t<div class=\"de_count \">\n                <h3 class=\"timer\" data-to=\"354\" data-speed=\"2500\">0<\/h3>\n        <span>Fotografii<\/span>\n    <\/div>\n\n<\/div><\/div><\/div><div class=\"wpb_column vc_column_container vc_col-sm-6\"><div class=\"vc_column-inner\"><div class=\"wpb_wrapper \"  >\t<!-- Element: OT Our Facts -->\n\t<div class=\"de_count \">\n                <h3 class=\"timer\" data-to=\"360\" data-speed=\"2500\">0<\/h3>\n        <span>Pagini<\/span>\n    <\/div>\n\n<\/div><\/div><\/div><div class=\"wpb_column vc_column_container vc_col-sm-6\"><div class=\"vc_column-inner\"><div class=\"wpb_wrapper \"  >\t<!-- Element: OT Our Facts -->\n\t<div class=\"de_count \">\n                <h3 class=\"timer\" data-to=\"500\" data-speed=\"2500\">0<\/h3>\n        <span>Volume de colec\u021bie<\/span>\n    <\/div>\n\n<\/div><\/div><\/div><\/div><\/div><\/div><\/div><\/div><\/div><\/div><\/section><section id=\"invitati\" class=\"wpb_row vc_row-fluid no-padding\"><div class=\"row\"><div class=\"wpb_column vc_column_container vc_col-sm-12\"><div class=\"vc_column-inner\"><div class=\"wpb_wrapper \"  ><div class=\"vc_empty_space\"   style=\"height: 32px\"><span class=\"vc_empty_space_inner\"><\/span><\/div>\n\t<div  class=\"wpb_single_image wpb_content_element vc_align_left wpb_content_element\">\n\t\t\n\t\t<figure class=\"wpb_wrapper vc_figure\">\n\t\t\t<div class=\"vc_single_image-wrapper   vc_box_border_grey\"><img loading=\"lazy\" decoding=\"async\" width=\"2560\" height=\"91\" src=\"https:\/\/constantavizual.ro\/wp-content\/uploads\/2026\/04\/best-logo-cursiv-1-scaled.png\" class=\"vc_single_image-img attachment-full\" alt=\"\" title=\"\" srcset=\"https:\/\/constantavizual.ro\/wp-content\/uploads\/2026\/04\/best-logo-cursiv-1-scaled.png 2560w, https:\/\/constantavizual.ro\/wp-content\/uploads\/2026\/04\/best-logo-cursiv-1-300x11.png 300w, https:\/\/constantavizual.ro\/wp-content\/uploads\/2026\/04\/best-logo-cursiv-1-1024x36.png 1024w, https:\/\/constantavizual.ro\/wp-content\/uploads\/2026\/04\/best-logo-cursiv-1-768x27.png 768w, https:\/\/constantavizual.ro\/wp-content\/uploads\/2026\/04\/best-logo-cursiv-1-1536x55.png 1536w, https:\/\/constantavizual.ro\/wp-content\/uploads\/2026\/04\/best-logo-cursiv-1-2048x73.png 2048w, https:\/\/constantavizual.ro\/wp-content\/uploads\/2026\/04\/best-logo-cursiv-1-18x1.png 18w\" sizes=\"auto, (max-width: 2560px) 100vw, 2560px\" \/><\/div>\n\t\t<\/figure>\n\t<\/div>\n\n\t<div class=\"wpb_text_column wpb_content_element vc_custom_1777356408413\" >\n\t\t<div class=\"wpb_wrapper\">\n\t\t\t<div style=\"text-align: center; font-size: 15px;\">\n<h2><strong>INVITA\u021aI<\/strong><\/h2>\n<p>Pornind de la volumul de colec\u021bie Constan\u021ba \u0219i \u00eemprejurimi, semnat de <em><strong>Adrian Teodor Siea<\/strong><\/em>, conversa\u021bia propune o serie de perspective asupra mecanismelor prin care un ora\u0219 se dezvolt\u0103:<\/p>\n<p><strong><em>Istoria ca fundament al identit\u0103\u021bii locale<\/em><\/strong>,<\/p>\n<p>al\u0103turi de <em><strong>dr. Delia Roxana CORNEA<\/strong><\/em>, Director Muzeul Na\u021bional de Istorie \u0219i Arheologie Constan\u021ba<\/p>\n<p><strong><em>Educa\u021bia ca matrice a dezvolt\u0103rii urbane<\/em><\/strong>,<\/p>\n<p>\u00eempreun\u0103 cu <em><strong>conf.univ.dr. Alexandru BOBE<\/strong><\/em>, Prorector al Universit\u0103\u021bii Ovidius Constan\u021ba<\/p>\n<p><strong><em>Rolul mediului de business \u00een generarea de valoare \u0219i resurse<\/em><\/strong>,<\/p>\n<p>al\u0103turi de <em><strong>Aurelian MARIN<\/strong><\/em>, CEO Grup Paradis Hotels &amp; Resorts<\/p>\n<p><strong><em>Implicarea civic\u0103 \u0219i responsabilitatea fa\u021b\u0103 de comunitate<\/em><\/strong>,<\/p>\n<p>\u00eempreun\u0103 cu <em><strong>av. C\u0103t\u0103lin Gabriel FILI\u0218AN<\/strong><\/em>, Decan al Baroului Constan\u021ba \u0219i Pre\u0219edinte al Asocia\u021biei Constan\u021ba Restart<\/p>\n<p><strong><em>Pasiunea ca motor al excelen\u021bei individuale \u0219i profesionale<\/em><\/strong>,<\/p>\n<p>al\u0103turi de <em><strong>ing. Gabriel DRAGOSLAV<\/strong><\/em>, \u0218ef mecanic CMA SHIPS, fotograf.<\/p>\n<p>Discu\u021bia va fi moderat\u0103 de <em><strong>jurnalistul Adrian GORPIN<\/strong><\/em><\/p>\n<\/div>\n\n\t\t<\/div>\n\t<\/div>\n<div class=\"vc_empty_space  vc_custom_1777231681499\"   style=\"height: 5px\"><span class=\"vc_empty_space_inner\"><\/span><\/div><\/div><\/div><\/div><\/div><\/section><section class=\"wpb_row vc_row-fluid call-to-action bg-color text-center vc_custom_1777361337652 vc_row-has-fill vc_row-o-content-middle vc_row-flex no-padding\"><div class=\"row\"><div class=\"wpb_column vc_column_container vc_col-sm-12\"><div class=\"vc_column-inner\"><div class=\"wpb_wrapper \"  >\t\t\t\n\t<!-- Element: OT Button --> \n\t\t\t<a href=\"https:\/\/constantavizual.ro\/in-curand\/?go=form\" target=\"_self\" class=\"btn btn-line-black btn-big  \">\u00censcriere eveniment<br \/>\nCazinoul Constan\u021ba, 10 Mai, 18:30<\/a>\n\t    \n<\/div><\/div><\/div><\/div><\/section><section class=\"wpb_row vc_row-fluid vc_custom_1777361081090\"><div class=\"container\"><div class=\"row\"><div class=\"wpb_column vc_column_container vc_col-sm-12\"><div class=\"vc_column-inner\"><div class=\"wpb_wrapper \"  ><div class=\"vc_empty_space\"   style=\"height: 64px\"><span class=\"vc_empty_space_inner\"><\/span><\/div>\n\t<div class=\"wpb_text_column wpb_content_element\" >\n\t\t<div class=\"wpb_wrapper\">\n\t\t\t<p style=\"text-align: center;\"><a href=\"https:\/\/binario.ro\/\"><em>Un proiect Editura City Walk &amp; Binario Digital Expert<\/em><\/a><\/p>\n\n\t\t<\/div>\n\t<\/div>\n<\/div><\/div><\/div><\/div><\/div><\/section>\n<\/div>","protected":false},"excerpt":{"rendered":"Acces pe baza de \u00eenscriere \u00een limita locurilor disponibile Constan\u021ba Un volum de colec\u021bie O sal\u0103 emblematic\u0103 Un moment pentru ora\u0219 \u00ceNSCRIERE EVENIMENT Constan\u021ba \u0219i \u00eemprejurimi este un volum de colec\u021bie care reune\u0219te peste 350 de fotografii \u0219i o selec\u021bie atent\u0103 de pove\u0219ti vizuale dedicate ora\u0219ului. Cartea propune o perspectiv\u0103 contemporan\u0103 asupra identit\u0103\u021bii Constan\u021bei, \u00eentre [...]","protected":false},"author":1,"featured_media":1840,"parent":0,"menu_order":0,"comment_status":"closed","ping_status":"closed","template":"page-templates\/template-canvas.php","meta":{"footnotes":""},"class_list":["post-966","page","type-page","status-publish","has-post-thumbnail","hentry"],"yoast_head":"<!-- This site is optimized with the Yoast SEO plugin v27.5 - https:\/\/yoast.com\/product\/yoast-seo-wordpress\/ -->\n<title>Constan\u021ba - Un volum de colec\u021bie<\/title>\n<meta name=\"description\" content=\"Un volum de colec\u021bie. O sal\u0103 emblematic\u0103. Un moment pentru ora\u0219!\" \/>\n<meta name=\"robots\" content=\"index, follow, max-snippet:-1, max-image-preview:large, max-video-preview:-1\" \/>\n<link rel=\"canonical\" href=\"https:\/\/constantavizual.ro\/en\/\" \/>\n<meta property=\"og:locale\" content=\"en_US\" \/>\n<meta property=\"og:type\" content=\"article\" \/>\n<meta property=\"og:title\" content=\"Constan\u021ba - Un volum de colec\u021bie\" \/>\n<meta property=\"og:description\" content=\"Un volum de colec\u021bie. O sal\u0103 emblematic\u0103. Un moment pentru ora\u0219!\" \/>\n<meta property=\"og:url\" content=\"https:\/\/constantavizual.ro\/en\/\" \/>\n<meta property=\"og:site_name\" content=\"Constan\u021ba, un volum de colec\u021bie\" \/>\n<meta property=\"article:modified_time\" content=\"2026-04-29T15:45:36+00:00\" \/>\n<meta property=\"og:image\" content=\"https:\/\/constantavizual.ro\/wp-content\/uploads\/2026\/04\/coperta-aa.jpg\" \/>\n\t<meta property=\"og:image:width\" content=\"1400\" \/>\n\t<meta property=\"og:image:height\" content=\"920\" \/>\n\t<meta property=\"og:image:type\" content=\"image\/jpeg\" \/>\n<meta name=\"twitter:card\" content=\"summary_large_image\" \/>\n<meta name=\"twitter:label1\" content=\"Est. reading time\" \/>\n\t<meta name=\"twitter:data1\" content=\"3 minutes\" \/>\n<script type=\"application\/ld+json\" class=\"yoast-schema-graph\">{\"@context\":\"https:\\\/\\\/schema.org\",\"@graph\":[{\"@type\":\"WebPage\",\"@id\":\"https:\\\/\\\/constantavizual.ro\\\/\",\"url\":\"https:\\\/\\\/constantavizual.ro\\\/\",\"name\":\"Constan\u021ba - Un volum de colec\u021bie\",\"isPartOf\":{\"@id\":\"https:\\\/\\\/constantavizual.ro\\\/#website\"},\"primaryImageOfPage\":{\"@id\":\"https:\\\/\\\/constantavizual.ro\\\/#primaryimage\"},\"image\":{\"@id\":\"https:\\\/\\\/constantavizual.ro\\\/#primaryimage\"},\"thumbnailUrl\":\"https:\\\/\\\/constantavizual.ro\\\/wp-content\\\/uploads\\\/2026\\\/04\\\/coperta-aa.jpg\",\"datePublished\":\"2016-05-26T10:03:55+00:00\",\"dateModified\":\"2026-04-29T15:45:36+00:00\",\"description\":\"Un volum de colec\u021bie. O sal\u0103 emblematic\u0103. Un moment pentru ora\u0219!\",\"breadcrumb\":{\"@id\":\"https:\\\/\\\/constantavizual.ro\\\/#breadcrumb\"},\"inLanguage\":\"en-US\",\"potentialAction\":[{\"@type\":\"ReadAction\",\"target\":[\"https:\\\/\\\/constantavizual.ro\\\/\"]}]},{\"@type\":\"ImageObject\",\"inLanguage\":\"en-US\",\"@id\":\"https:\\\/\\\/constantavizual.ro\\\/#primaryimage\",\"url\":\"https:\\\/\\\/constantavizual.ro\\\/wp-content\\\/uploads\\\/2026\\\/04\\\/coperta-aa.jpg\",\"contentUrl\":\"https:\\\/\\\/constantavizual.ro\\\/wp-content\\\/uploads\\\/2026\\\/04\\\/coperta-aa.jpg\",\"width\":1400,\"height\":920},{\"@type\":\"BreadcrumbList\",\"@id\":\"https:\\\/\\\/constantavizual.ro\\\/#breadcrumb\",\"itemListElement\":[{\"@type\":\"ListItem\",\"position\":1,\"name\":\"Prima pagin\u0103\",\"item\":\"https:\\\/\\\/constantavizual.ro\\\/\"},{\"@type\":\"ListItem\",\"position\":2,\"name\":\"Home\"}]},{\"@type\":\"WebSite\",\"@id\":\"https:\\\/\\\/constantavizual.ro\\\/#website\",\"url\":\"https:\\\/\\\/constantavizual.ro\\\/\",\"name\":\"Constan\u021ba Vizual\",\"description\":\"\",\"publisher\":{\"@id\":\"https:\\\/\\\/constantavizual.ro\\\/#organization\"},\"potentialAction\":[{\"@type\":\"SearchAction\",\"target\":{\"@type\":\"EntryPoint\",\"urlTemplate\":\"https:\\\/\\\/constantavizual.ro\\\/?s={search_term_string}\"},\"query-input\":{\"@type\":\"PropertyValueSpecification\",\"valueRequired\":true,\"valueName\":\"search_term_string\"}}],\"inLanguage\":\"en-US\"},{\"@type\":\"Organization\",\"@id\":\"https:\\\/\\\/constantavizual.ro\\\/#organization\",\"name\":\"Constan\u021ba Vizual\",\"url\":\"https:\\\/\\\/constantavizual.ro\\\/\",\"logo\":{\"@type\":\"ImageObject\",\"inLanguage\":\"en-US\",\"@id\":\"https:\\\/\\\/constantavizual.ro\\\/#\\\/schema\\\/logo\\\/image\\\/\",\"url\":\"https:\\\/\\\/constantavizual.ro\\\/wp-content\\\/uploads\\\/2026\\\/04\\\/logo-cv.png\",\"contentUrl\":\"https:\\\/\\\/constantavizual.ro\\\/wp-content\\\/uploads\\\/2026\\\/04\\\/logo-cv.png\",\"width\":207,\"height\":42,\"caption\":\"Constan\u021ba Vizual\"},\"image\":{\"@id\":\"https:\\\/\\\/constantavizual.ro\\\/#\\\/schema\\\/logo\\\/image\\\/\"}}]}<\/script>\n<!-- \/ Yoast SEO plugin. -->","yoast_head_json":{"title":"Constan\u021ba - Un volum de colec\u021bie","description":"Un volum de colec\u021bie. O sal\u0103 emblematic\u0103. Un moment pentru ora\u0219!","robots":{"index":"index","follow":"follow","max-snippet":"max-snippet:-1","max-image-preview":"max-image-preview:large","max-video-preview":"max-video-preview:-1"},"canonical":"https:\/\/constantavizual.ro\/en\/","og_locale":"en_US","og_type":"article","og_title":"Constan\u021ba - Un volum de colec\u021bie","og_description":"Un volum de colec\u021bie. O sal\u0103 emblematic\u0103. Un moment pentru ora\u0219!","og_url":"https:\/\/constantavizual.ro\/en\/","og_site_name":"Constan\u021ba, un volum de colec\u021bie","article_modified_time":"2026-04-29T15:45:36+00:00","og_image":[{"width":1400,"height":920,"url":"https:\/\/constantavizual.ro\/wp-content\/uploads\/2026\/04\/coperta-aa.jpg","type":"image\/jpeg"}],"twitter_card":"summary_large_image","twitter_misc":{"Est. reading time":"3 minutes"},"schema":{"@context":"https:\/\/schema.org","@graph":[{"@type":"WebPage","@id":"https:\/\/constantavizual.ro\/","url":"https:\/\/constantavizual.ro\/","name":"Constan\u021ba - Un volum de colec\u021bie","isPartOf":{"@id":"https:\/\/constantavizual.ro\/#website"},"primaryImageOfPage":{"@id":"https:\/\/constantavizual.ro\/#primaryimage"},"image":{"@id":"https:\/\/constantavizual.ro\/#primaryimage"},"thumbnailUrl":"https:\/\/constantavizual.ro\/wp-content\/uploads\/2026\/04\/coperta-aa.jpg","datePublished":"2016-05-26T10:03:55+00:00","dateModified":"2026-04-29T15:45:36+00:00","description":"Un volum de colec\u021bie. O sal\u0103 emblematic\u0103. Un moment pentru ora\u0219!","breadcrumb":{"@id":"https:\/\/constantavizual.ro\/#breadcrumb"},"inLanguage":"en-US","potentialAction":[{"@type":"ReadAction","target":["https:\/\/constantavizual.ro\/"]}]},{"@type":"ImageObject","inLanguage":"en-US","@id":"https:\/\/constantavizual.ro\/#primaryimage","url":"https:\/\/constantavizual.ro\/wp-content\/uploads\/2026\/04\/coperta-aa.jpg","contentUrl":"https:\/\/constantavizual.ro\/wp-content\/uploads\/2026\/04\/coperta-aa.jpg","width":1400,"height":920},{"@type":"BreadcrumbList","@id":"https:\/\/constantavizual.ro\/#breadcrumb","itemListElement":[{"@type":"ListItem","position":1,"name":"Prima pagin\u0103","item":"https:\/\/constantavizual.ro\/"},{"@type":"ListItem","position":2,"name":"Home"}]},{"@type":"WebSite","@id":"https:\/\/constantavizual.ro\/#website","url":"https:\/\/constantavizual.ro\/","name":"Constan\u021ba Vizual","description":"","publisher":{"@id":"https:\/\/constantavizual.ro\/#organization"},"potentialAction":[{"@type":"SearchAction","target":{"@type":"EntryPoint","urlTemplate":"https:\/\/constantavizual.ro\/?s={search_term_string}"},"query-input":{"@type":"PropertyValueSpecification","valueRequired":true,"valueName":"search_term_string"}}],"inLanguage":"en-US"},{"@type":"Organization","@id":"https:\/\/constantavizual.ro\/#organization","name":"Constan\u021ba Vizual","url":"https:\/\/constantavizual.ro\/","logo":{"@type":"ImageObject","inLanguage":"en-US","@id":"https:\/\/constantavizual.ro\/#\/schema\/logo\/image\/","url":"https:\/\/constantavizual.ro\/wp-content\/uploads\/2026\/04\/logo-cv.png","contentUrl":"https:\/\/constantavizual.ro\/wp-content\/uploads\/2026\/04\/logo-cv.png","width":207,"height":42,"caption":"Constan\u021ba Vizual"},"image":{"@id":"https:\/\/constantavizual.ro\/#\/schema\/logo\/image\/"}}]}},"jetpack_sharing_enabled":true,"_links":{"self":[{"href":"https:\/\/constantavizual.ro\/en\/wp-json\/wp\/v2\/pages\/966","targetHints":{"allow":["GET"]}}],"collection":[{"href":"https:\/\/constantavizual.ro\/en\/wp-json\/wp\/v2\/pages"}],"about":[{"href":"https:\/\/constantavizual.ro\/en\/wp-json\/wp\/v2\/types\/page"}],"author":[{"embeddable":true,"href":"https:\/\/constantavizual.ro\/en\/wp-json\/wp\/v2\/users\/1"}],"replies":[{"embeddable":true,"href":"https:\/\/constantavizual.ro\/en\/wp-json\/wp\/v2\/comments?post=966"}],"version-history":[{"count":77,"href":"https:\/\/constantavizual.ro\/en\/wp-json\/wp\/v2\/pages\/966\/revisions"}],"predecessor-version":[{"id":2049,"href":"https:\/\/constantavizual.ro\/en\/wp-json\/wp\/v2\/pages\/966\/revisions\/2049"}],"wp:featuredmedia":[{"embeddable":true,"href":"https:\/\/constantavizual.ro\/en\/wp-json\/wp\/v2\/media\/1840"}],"wp:attachment":[{"href":"https:\/\/constantavizual.ro\/en\/wp-json\/wp\/v2\/media?parent=966"}],"curies":[{"name":"wp","href":"https:\/\/api.w.org\/{rel}","templated":true}]}}