{"id":1566,"date":"2013-06-07T11:37:23","date_gmt":"2013-06-07T11:37:23","guid":{"rendered":"http:\/\/demo2.woothemes.com\/woocommerce\/?post_type=product&#038;p=96"},"modified":"2026-05-07T13:44:37","modified_gmt":"2026-05-07T10:44:37","slug":"constanta-si-imprejurimi","status":"publish","type":"product","link":"https:\/\/constantavizual.ro\/en\/product\/constanta-si-imprejurimi\/","title":{"rendered":"Constan\u021ba \u0219i \u00eemprejurimi"},"content":{"rendered":"<p data-start=\"236\" data-end=\"381\"><strong data-start=\"236\" data-end=\"264\">Constan\u021ba \u0219i \u00eemprejurimi<\/strong> este mai mult dec\u00e2t un volum \u2014 este o lucrare despre felul \u00een care un ora\u0219 poate fi privit, \u00een\u021beles \u0219i redescoperit.<\/p>\n<p data-start=\"383\" data-end=\"590\">Realizat pe parcursul a peste 10 ani, acest volum de colec\u021bie aduce \u00eempreun\u0103 365 de pagini, peste 100 de obiective \u0219i 350 de fotografii, \u00eentr-un parcurs vizual \u0219i narativ prin Constan\u021ba \u0219i regiunea Dobrogei.<\/p>\n<p data-start=\"592\" data-end=\"828\">De la arhitectura emblematic\u0103 a ora\u0219ului, la peisajele naturale, via\u021ba cotidian\u0103, evenimentele \u0219i multiculturalismul specific zonei, cartea construie\u0219te o imagine coerent\u0103 \u0219i echilibrat\u0103 a unui spa\u021biu aflat \u00eentr-o continu\u0103 transformare.<\/p>\n<p data-start=\"830\" data-end=\"1134\">Volumul este bilingv (rom\u00e2n\u0103\u2013englez\u0103) \u0219i se adreseaz\u0103 at\u00e2t celor care cunosc ora\u0219ul, c\u00e2t \u0219i celor care \u00eel descoper\u0103 pentru prima dat\u0103. Traseul propus porne\u0219te din Constan\u021ba \u0219i continu\u0103 natural spre sud p\u00e2n\u0103 la Mangalia, spre vest p\u00e2n\u0103 la Cernavod\u0103 \u0219i spre nord p\u00e2n\u0103 la Tulcea, incluz\u00e2nd \u0219i Delta Dun\u0103rii.<\/p>\n<p data-start=\"1136\" data-end=\"1295\">Conceput ca un obiect editorial de colec\u021bie, volumul nu este un ghid turistic \u00een sens clasic, ci o construc\u021bie vizual\u0103 \u0219i documentar\u0103 menit\u0103 s\u0103 r\u0103m\u00e2n\u0103 \u00een timp.<\/p>","protected":false},"excerpt":{"rendered":"<ul>\n<li data-section-id=\"1ioz88w\" data-start=\"1727\" data-end=\"1741\">Edi\u021bia de colec\u021bie (001-500)<\/li>\n<li data-section-id=\"1ioz88w\" data-start=\"1727\" data-end=\"1741\">365 pagini<\/li>\n<li data-section-id=\"8902hv\" data-start=\"1742\" data-end=\"1768\">peste 100 de obiective turistice<\/li>\n<li data-section-id=\"1ol9rni\" data-start=\"1769\" data-end=\"1787\">350 fotografii<\/li>\n<li data-section-id=\"1pajpyd\" data-start=\"1788\" data-end=\"1822\">volum bilingv (rom\u00e2n\u0103\u2013englez\u0103)<\/li>\n<li data-section-id=\"v44m87\" data-start=\"1823\" data-end=\"1845\">28&#215;28 cm<\/li>\n<\/ul>","protected":false},"featured_media":2032,"template":"","meta":[],"product_brand":[],"product_cat":[66],"product_tag":[],"class_list":{"0":"post-1566","1":"product","2":"type-product","3":"status-publish","4":"has-post-thumbnail","6":"product_cat-volum-de-colectie","8":"first","9":"instock","10":"downloadable","11":"virtual","12":"taxable","13":"purchasable","14":"product-type-simple"},"yoast_head":"<!-- This site is optimized with the Yoast SEO plugin v27.5 - https:\/\/yoast.com\/product\/yoast-seo-wordpress\/ -->\n<title>Constan\u021ba \u0219i \u00eemprejurimi - Constan\u021ba, un volum de colec\u021bie<\/title>\n<meta name=\"robots\" content=\"index, follow, max-snippet:-1, max-image-preview:large, max-video-preview:-1\" \/>\n<link rel=\"canonical\" href=\"https:\/\/constantavizual.ro\/en\/product\/constanta-si-imprejurimi\/\" \/>\n<meta property=\"og:locale\" content=\"en_US\" \/>\n<meta property=\"og:type\" content=\"article\" \/>\n<meta property=\"og:title\" content=\"Constan\u021ba \u0219i \u00eemprejurimi - Constan\u021ba, un volum de colec\u021bie\" \/>\n<meta property=\"og:description\" content=\"Edi\u021bia de colec\u021bie (001-500)  365 pagini  peste 100 de obiective turistice  350 fotografii  volum bilingv (rom\u00e2n\u0103\u2013englez\u0103)  28x28 cm\" \/>\n<meta property=\"og:url\" content=\"https:\/\/constantavizual.ro\/en\/product\/constanta-si-imprejurimi\/\" \/>\n<meta property=\"og:site_name\" content=\"Constan\u021ba, un volum de colec\u021bie\" \/>\n<meta property=\"article:modified_time\" content=\"2026-05-07T10:44:37+00:00\" \/>\n<meta property=\"og:image\" content=\"https:\/\/constantavizual.ro\/wp-content\/uploads\/2026\/04\/DSC_3399-2-scaled.jpg\" \/>\n\t<meta property=\"og:image:width\" content=\"2560\" \/>\n\t<meta property=\"og:image:height\" content=\"1707\" \/>\n\t<meta property=\"og:image:type\" content=\"image\/jpeg\" \/>\n<meta name=\"twitter:card\" content=\"summary_large_image\" \/>\n<meta name=\"twitter:label1\" content=\"Est. reading time\" \/>\n\t<meta name=\"twitter:data1\" content=\"2 minutes\" \/>\n<script type=\"application\/ld+json\" class=\"yoast-schema-graph\">{\"@context\":\"https:\\\/\\\/schema.org\",\"@graph\":[{\"@type\":\"WebPage\",\"@id\":\"https:\\\/\\\/constantavizual.ro\\\/product\\\/constanta-si-imprejurimi\\\/\",\"url\":\"https:\\\/\\\/constantavizual.ro\\\/product\\\/constanta-si-imprejurimi\\\/\",\"name\":\"Constan\u021ba \u0219i \u00eemprejurimi - Constan\u021ba, un volum de colec\u021bie\",\"isPartOf\":{\"@id\":\"https:\\\/\\\/constantavizual.ro\\\/#website\"},\"primaryImageOfPage\":{\"@id\":\"https:\\\/\\\/constantavizual.ro\\\/product\\\/constanta-si-imprejurimi\\\/#primaryimage\"},\"image\":{\"@id\":\"https:\\\/\\\/constantavizual.ro\\\/product\\\/constanta-si-imprejurimi\\\/#primaryimage\"},\"thumbnailUrl\":\"https:\\\/\\\/constantavizual.ro\\\/wp-content\\\/uploads\\\/2026\\\/04\\\/DSC_3399-2-scaled.jpg\",\"datePublished\":\"2013-06-07T11:37:23+00:00\",\"dateModified\":\"2026-05-07T10:44:37+00:00\",\"breadcrumb\":{\"@id\":\"https:\\\/\\\/constantavizual.ro\\\/product\\\/constanta-si-imprejurimi\\\/#breadcrumb\"},\"inLanguage\":\"en-US\",\"potentialAction\":[{\"@type\":\"ReadAction\",\"target\":[\"https:\\\/\\\/constantavizual.ro\\\/product\\\/constanta-si-imprejurimi\\\/\"]}]},{\"@type\":\"ImageObject\",\"inLanguage\":\"en-US\",\"@id\":\"https:\\\/\\\/constantavizual.ro\\\/product\\\/constanta-si-imprejurimi\\\/#primaryimage\",\"url\":\"https:\\\/\\\/constantavizual.ro\\\/wp-content\\\/uploads\\\/2026\\\/04\\\/DSC_3399-2-scaled.jpg\",\"contentUrl\":\"https:\\\/\\\/constantavizual.ro\\\/wp-content\\\/uploads\\\/2026\\\/04\\\/DSC_3399-2-scaled.jpg\",\"width\":2560,\"height\":1707},{\"@type\":\"BreadcrumbList\",\"@id\":\"https:\\\/\\\/constantavizual.ro\\\/product\\\/constanta-si-imprejurimi\\\/#breadcrumb\",\"itemListElement\":[{\"@type\":\"ListItem\",\"position\":1,\"name\":\"Prima pagin\u0103\",\"item\":\"https:\\\/\\\/constantavizual.ro\\\/\"},{\"@type\":\"ListItem\",\"position\":2,\"name\":\"Shop\",\"item\":\"https:\\\/\\\/constantavizual.ro\\\/shop\\\/\"},{\"@type\":\"ListItem\",\"position\":3,\"name\":\"Constan\u021ba \u0219i \u00eemprejurimi\"}]},{\"@type\":\"WebSite\",\"@id\":\"https:\\\/\\\/constantavizual.ro\\\/#website\",\"url\":\"https:\\\/\\\/constantavizual.ro\\\/\",\"name\":\"Constan\u021ba Vizual\",\"description\":\"\",\"publisher\":{\"@id\":\"https:\\\/\\\/constantavizual.ro\\\/#organization\"},\"potentialAction\":[{\"@type\":\"SearchAction\",\"target\":{\"@type\":\"EntryPoint\",\"urlTemplate\":\"https:\\\/\\\/constantavizual.ro\\\/?s={search_term_string}\"},\"query-input\":{\"@type\":\"PropertyValueSpecification\",\"valueRequired\":true,\"valueName\":\"search_term_string\"}}],\"inLanguage\":\"en-US\"},{\"@type\":\"Organization\",\"@id\":\"https:\\\/\\\/constantavizual.ro\\\/#organization\",\"name\":\"Constan\u021ba Vizual\",\"url\":\"https:\\\/\\\/constantavizual.ro\\\/\",\"logo\":{\"@type\":\"ImageObject\",\"inLanguage\":\"en-US\",\"@id\":\"https:\\\/\\\/constantavizual.ro\\\/#\\\/schema\\\/logo\\\/image\\\/\",\"url\":\"https:\\\/\\\/constantavizual.ro\\\/wp-content\\\/uploads\\\/2026\\\/04\\\/logo-cv.png\",\"contentUrl\":\"https:\\\/\\\/constantavizual.ro\\\/wp-content\\\/uploads\\\/2026\\\/04\\\/logo-cv.png\",\"width\":207,\"height\":42,\"caption\":\"Constan\u021ba Vizual\"},\"image\":{\"@id\":\"https:\\\/\\\/constantavizual.ro\\\/#\\\/schema\\\/logo\\\/image\\\/\"}}]}<\/script>\n<!-- \/ Yoast SEO plugin. -->","yoast_head_json":{"title":"Constan\u021ba \u0219i \u00eemprejurimi - Constan\u021ba, un volum de colec\u021bie","robots":{"index":"index","follow":"follow","max-snippet":"max-snippet:-1","max-image-preview":"max-image-preview:large","max-video-preview":"max-video-preview:-1"},"canonical":"https:\/\/constantavizual.ro\/en\/product\/constanta-si-imprejurimi\/","og_locale":"en_US","og_type":"article","og_title":"Constan\u021ba \u0219i \u00eemprejurimi - Constan\u021ba, un volum de colec\u021bie","og_description":"Edi\u021bia de colec\u021bie (001-500)  365 pagini  peste 100 de obiective turistice  350 fotografii  volum bilingv (rom\u00e2n\u0103\u2013englez\u0103)  28x28 cm","og_url":"https:\/\/constantavizual.ro\/en\/product\/constanta-si-imprejurimi\/","og_site_name":"Constan\u021ba, un volum de colec\u021bie","article_modified_time":"2026-05-07T10:44:37+00:00","og_image":[{"width":2560,"height":1707,"url":"https:\/\/constantavizual.ro\/wp-content\/uploads\/2026\/04\/DSC_3399-2-scaled.jpg","type":"image\/jpeg"}],"twitter_card":"summary_large_image","twitter_misc":{"Est. reading time":"2 minutes"},"schema":{"@context":"https:\/\/schema.org","@graph":[{"@type":"WebPage","@id":"https:\/\/constantavizual.ro\/product\/constanta-si-imprejurimi\/","url":"https:\/\/constantavizual.ro\/product\/constanta-si-imprejurimi\/","name":"Constan\u021ba \u0219i \u00eemprejurimi - Constan\u021ba, un volum de colec\u021bie","isPartOf":{"@id":"https:\/\/constantavizual.ro\/#website"},"primaryImageOfPage":{"@id":"https:\/\/constantavizual.ro\/product\/constanta-si-imprejurimi\/#primaryimage"},"image":{"@id":"https:\/\/constantavizual.ro\/product\/constanta-si-imprejurimi\/#primaryimage"},"thumbnailUrl":"https:\/\/constantavizual.ro\/wp-content\/uploads\/2026\/04\/DSC_3399-2-scaled.jpg","datePublished":"2013-06-07T11:37:23+00:00","dateModified":"2026-05-07T10:44:37+00:00","breadcrumb":{"@id":"https:\/\/constantavizual.ro\/product\/constanta-si-imprejurimi\/#breadcrumb"},"inLanguage":"en-US","potentialAction":[{"@type":"ReadAction","target":["https:\/\/constantavizual.ro\/product\/constanta-si-imprejurimi\/"]}]},{"@type":"ImageObject","inLanguage":"en-US","@id":"https:\/\/constantavizual.ro\/product\/constanta-si-imprejurimi\/#primaryimage","url":"https:\/\/constantavizual.ro\/wp-content\/uploads\/2026\/04\/DSC_3399-2-scaled.jpg","contentUrl":"https:\/\/constantavizual.ro\/wp-content\/uploads\/2026\/04\/DSC_3399-2-scaled.jpg","width":2560,"height":1707},{"@type":"BreadcrumbList","@id":"https:\/\/constantavizual.ro\/product\/constanta-si-imprejurimi\/#breadcrumb","itemListElement":[{"@type":"ListItem","position":1,"name":"Prima pagin\u0103","item":"https:\/\/constantavizual.ro\/"},{"@type":"ListItem","position":2,"name":"Shop","item":"https:\/\/constantavizual.ro\/shop\/"},{"@type":"ListItem","position":3,"name":"Constan\u021ba \u0219i \u00eemprejurimi"}]},{"@type":"WebSite","@id":"https:\/\/constantavizual.ro\/#website","url":"https:\/\/constantavizual.ro\/","name":"Constan\u021ba Vizual","description":"","publisher":{"@id":"https:\/\/constantavizual.ro\/#organization"},"potentialAction":[{"@type":"SearchAction","target":{"@type":"EntryPoint","urlTemplate":"https:\/\/constantavizual.ro\/?s={search_term_string}"},"query-input":{"@type":"PropertyValueSpecification","valueRequired":true,"valueName":"search_term_string"}}],"inLanguage":"en-US"},{"@type":"Organization","@id":"https:\/\/constantavizual.ro\/#organization","name":"Constan\u021ba Vizual","url":"https:\/\/constantavizual.ro\/","logo":{"@type":"ImageObject","inLanguage":"en-US","@id":"https:\/\/constantavizual.ro\/#\/schema\/logo\/image\/","url":"https:\/\/constantavizual.ro\/wp-content\/uploads\/2026\/04\/logo-cv.png","contentUrl":"https:\/\/constantavizual.ro\/wp-content\/uploads\/2026\/04\/logo-cv.png","width":207,"height":42,"caption":"Constan\u021ba Vizual"},"image":{"@id":"https:\/\/constantavizual.ro\/#\/schema\/logo\/image\/"}}]}},"jetpack_sharing_enabled":true,"_links":{"self":[{"href":"https:\/\/constantavizual.ro\/en\/wp-json\/wp\/v2\/product\/1566","targetHints":{"allow":["GET"]}}],"collection":[{"href":"https:\/\/constantavizual.ro\/en\/wp-json\/wp\/v2\/product"}],"about":[{"href":"https:\/\/constantavizual.ro\/en\/wp-json\/wp\/v2\/types\/product"}],"wp:featuredmedia":[{"embeddable":true,"href":"https:\/\/constantavizual.ro\/en\/wp-json\/wp\/v2\/media\/2032"}],"wp:attachment":[{"href":"https:\/\/constantavizual.ro\/en\/wp-json\/wp\/v2\/media?parent=1566"}],"wp:term":[{"taxonomy":"product_brand","embeddable":true,"href":"https:\/\/constantavizual.ro\/en\/wp-json\/wp\/v2\/product_brand?post=1566"},{"taxonomy":"product_cat","embeddable":true,"href":"https:\/\/constantavizual.ro\/en\/wp-json\/wp\/v2\/product_cat?post=1566"},{"taxonomy":"product_tag","embeddable":true,"href":"https:\/\/constantavizual.ro\/en\/wp-json\/wp\/v2\/product_tag?post=1566"}],"curies":[{"name":"wp","href":"https:\/\/api.w.org\/{rel}","templated":true}]}}